{"id":875,"date":"2025-12-29T17:03:12","date_gmt":"2025-12-29T17:03:12","guid":{"rendered":"https:\/\/santacruzperu.com\/?page_id=875"},"modified":"2026-03-12T15:12:15","modified_gmt":"2026-03-12T15:12:15","slug":"habitacion-matrimonial","status":"publish","type":"page","link":"https:\/\/santacruzperu.com\/en\/habitaciones1\/habitacion-matrimonial\/","title":{"rendered":"Double Room"},"content":{"rendered":"<h2 class=\"wp-block-heading\">Double Room<\/h2>\n\n\n\n<div class=\"wp-block-group is-layout-constrained wp-container-core-group-is-layout-d2d0ce25 wp-block-group-is-layout-constrained\" style=\"padding-right:40px;padding-left:40px\">\n<figure class=\"wp-block-image alignfull size-large\"><img loading=\"lazy\" decoding=\"async\" width=\"1024\" height=\"683\" src=\"https:\/\/santacruzperu.com\/wp-content\/uploads\/2025\/12\/HabiMatrimonial001-1024x683.png\" alt=\"\" class=\"wp-image-793\" srcset=\"https:\/\/santacruzperu.com\/wp-content\/uploads\/2025\/12\/HabiMatrimonial001-1024x683.png 1024w, https:\/\/santacruzperu.com\/wp-content\/uploads\/2025\/12\/HabiMatrimonial001-300x200.png 300w, https:\/\/santacruzperu.com\/wp-content\/uploads\/2025\/12\/HabiMatrimonial001-768x512.png 768w, https:\/\/santacruzperu.com\/wp-content\/uploads\/2025\/12\/HabiMatrimonial001.png 1536w\" sizes=\"auto, (max-width: 1024px) 100vw, 1024px\" \/><\/figure>\n\n\n\n<p>Our double bed room offers an intimate and cozy space to enjoy a restful stay.<\/p>\n<\/div>\n\n\n\n<div class=\"wp-block-group is-layout-constrained wp-block-group-is-layout-constrained\" style=\"padding-top:20px;padding-bottom:20px\">\n<div class=\"wp-block-columns is-layout-flex wp-container-core-columns-is-layout-28f84493 wp-block-columns-is-layout-flex\">\n<div class=\"wp-block-column is-layout-flow wp-block-column-is-layout-flow\">\n<div class=\"wp-block-group has-palette-color-7-background-color has-background is-layout-constrained wp-container-core-group-is-layout-3dcc9c70 wp-block-group-is-layout-constrained\" style=\"border-top-left-radius:12px;border-top-right-radius:12px;border-bottom-left-radius:12px;border-bottom-right-radius:12px;padding-top:40px;padding-right:40px;padding-bottom:40px;padding-left:40px;font-size:clamp(14px, 0.875rem + ((1vw - 3.2px) * 0.078), 15px);\">\n<div class=\"wp-block-columns is-layout-flex wp-container-core-columns-is-layout-28f84493 wp-block-columns-is-layout-flex\">\n<div class=\"wp-block-column is-layout-flow wp-block-column-is-layout-flow\">\n<p class=\"has-palette-color-5-color has-text-color has-link-color wp-elements-16d7a075d36004467ec2e7aa7e9fe920\">\ud83d\udcf6 Free Wi-Fi<br>\ud83d\udcfa 48\u2033 cable TV<\/p>\n<\/div>\n\n\n\n<div class=\"wp-block-column is-layout-flow wp-block-column-is-layout-flow\">\n<p class=\"has-palette-color-5-color has-text-color has-link-color wp-elements-6634b91b6e7838eb09adf547c9666bb2\">\ud83d\udebf 24-hour hot water<br>\ud83e\uddfc Private bathroom \/ hair dryer<\/p>\n<\/div>\n\n\n\n<div class=\"wp-block-column is-layout-flow wp-block-column-is-layout-flow\">\n<p class=\"has-palette-color-5-color has-text-color has-link-color wp-elements-f23d68b1afba599427a1a9fb94e2b727\">\ud83d\udecf\ufe0f Comfortable bed \/ Norwegian down duvet <br>\ud83c\udfd4\ufe0f Heating<\/p>\n<\/div>\n<\/div>\n<\/div>\n\n\n\n<div class=\"wp-block-group has-background is-layout-constrained wp-container-core-group-is-layout-6b05b1cd wp-block-group-is-layout-constrained\" style=\"border-top-left-radius:12px;border-top-right-radius:12px;border-bottom-left-radius:12px;border-bottom-right-radius:12px;background-color:#5f697d1c;padding-top:24px;padding-right:16px;padding-bottom:24px;padding-left:16px\">\n<div class=\"wp-block-columns is-layout-flex wp-container-core-columns-is-layout-28f84493 wp-block-columns-is-layout-flex\">\n<div class=\"wp-block-column is-layout-flow wp-block-column-is-layout-flow\">\n<p class=\"has-text-align-center has-small-font-size\">\ud83d\udcd0 <strong>22 m\u00b2<\/strong><\/p>\n<\/div>\n\n\n\n<div class=\"wp-block-column is-layout-flow wp-block-column-is-layout-flow\">\n<p class=\"has-text-align-center has-small-font-size\">\ud83d\udc64 <strong>2 guests<\/strong><\/p>\n<\/div>\n\n\n\n<div class=\"wp-block-column is-layout-flow wp-block-column-is-layout-flow\">\n<p class=\"has-text-align-center has-small-font-size\">\ud83d\udecf\ufe0f <strong>1 bed<\/strong> King-size bed (3-person)<\/p>\n<\/div>\n\n\n\n<div class=\"wp-block-column is-layout-flow wp-block-column-is-layout-flow\">\n<p class=\"has-text-align-center has-small-font-size\">\ud83c\udf04 <strong>Natural view<\/strong><\/p>\n<\/div>\n<\/div>\n<\/div>\n<\/div>\n<\/div>\n<\/div>\n\n\n\n<div class=\"wp-block-buttons is-content-justification-center is-layout-flex wp-container-core-buttons-is-layout-a89b3969 wp-block-buttons-is-layout-flex\">\n<div class=\"wp-block-button\"><a class=\"wp-block-button__link wp-element-button\" href=\"https:\/\/direct-book.com\/properties\/hotelsantacruzhuaraz\">Book this room<\/a><\/div>\n<\/div>\n\n\n\n<p><\/p>","protected":false},"excerpt":{"rendered":"<p>Habitaci\u00f3n Matrimonial Nuestra habitaci\u00f3n con cama matrimonial ofrece un espacio \u00edntimo y acogedor para disfrutar de un descanso reparador \ud83d\udcf6 Wi-Fi gratuito\ud83d\udcfa TV 48&#8243; con cable \ud83d\udebf Agua caliente 24 horas\ud83e\uddfc Ba\u00f1o privado \/ secadora de cabello \ud83d\udecf\ufe0f Cama c\u00f3moda \/ edred\u00f3n plumas noruego \ud83c\udfd4\ufe0f Calefacci\u00f3n \ud83d\udcd0 22 m\u00b2 \ud83d\udc64 2 personas \ud83d\udecf\ufe0f 1 cama [&hellip;]<\/p>\n","protected":false},"author":1,"featured_media":0,"parent":779,"menu_order":0,"comment_status":"closed","ping_status":"closed","template":"","meta":{"_joinchat":[],"footnotes":""},"class_list":["post-875","page","type-page","status-publish","hentry"],"blocksy_meta":{"has_hero_section":"disabled","styles_descriptor":{"styles":{"desktop":"","tablet":"","mobile":""},"google_fonts":[],"version":6}},"_hostinger_reach_plugin_has_subscription_block":false,"_hostinger_reach_plugin_is_elementor":false,"_links":{"self":[{"href":"https:\/\/santacruzperu.com\/en\/wp-json\/wp\/v2\/pages\/875","targetHints":{"allow":["GET"]}}],"collection":[{"href":"https:\/\/santacruzperu.com\/en\/wp-json\/wp\/v2\/pages"}],"about":[{"href":"https:\/\/santacruzperu.com\/en\/wp-json\/wp\/v2\/types\/page"}],"author":[{"embeddable":true,"href":"https:\/\/santacruzperu.com\/en\/wp-json\/wp\/v2\/users\/1"}],"replies":[{"embeddable":true,"href":"https:\/\/santacruzperu.com\/en\/wp-json\/wp\/v2\/comments?post=875"}],"version-history":[{"count":4,"href":"https:\/\/santacruzperu.com\/en\/wp-json\/wp\/v2\/pages\/875\/revisions"}],"predecessor-version":[{"id":1139,"href":"https:\/\/santacruzperu.com\/en\/wp-json\/wp\/v2\/pages\/875\/revisions\/1139"}],"up":[{"embeddable":true,"href":"https:\/\/santacruzperu.com\/en\/wp-json\/wp\/v2\/pages\/779"}],"wp:attachment":[{"href":"https:\/\/santacruzperu.com\/en\/wp-json\/wp\/v2\/media?parent=875"}],"curies":[{"name":"wp","href":"https:\/\/api.w.org\/{rel}","templated":true}]}}