{"id":873,"date":"2025-12-29T17:01:22","date_gmt":"2025-12-29T17:01:22","guid":{"rendered":"https:\/\/santacruzperu.com\/?page_id=873"},"modified":"2026-03-12T15:11:48","modified_gmt":"2026-03-12T15:11:48","slug":"habitacion-familiar","status":"publish","type":"page","link":"https:\/\/santacruzperu.com\/en\/habitaciones1\/habitacion-familiar\/","title":{"rendered":"Family Room"},"content":{"rendered":"<h2 class=\"wp-block-heading\">Family Room<\/h2>\n\n\n\n<div class=\"wp-block-group is-layout-constrained wp-container-core-group-is-layout-d2d0ce25 wp-block-group-is-layout-constrained\" style=\"padding-right:40px;padding-left:40px\">\n<figure class=\"wp-block-image alignfull size-large\"><img loading=\"lazy\" decoding=\"async\" width=\"1024\" height=\"683\" src=\"https:\/\/santacruzperu.com\/wp-content\/uploads\/2025\/12\/ChatGPT-Image-17-dic-2025-12_18_26-p.m-1024x683.png\" alt=\"\" class=\"wp-image-360\" srcset=\"https:\/\/santacruzperu.com\/wp-content\/uploads\/2025\/12\/ChatGPT-Image-17-dic-2025-12_18_26-p.m-1024x683.png 1024w, https:\/\/santacruzperu.com\/wp-content\/uploads\/2025\/12\/ChatGPT-Image-17-dic-2025-12_18_26-p.m-300x200.png 300w, https:\/\/santacruzperu.com\/wp-content\/uploads\/2025\/12\/ChatGPT-Image-17-dic-2025-12_18_26-p.m-768x512.png 768w, https:\/\/santacruzperu.com\/wp-content\/uploads\/2025\/12\/ChatGPT-Image-17-dic-2025-12_18_26-p.m.png 1536w\" sizes=\"auto, (max-width: 1024px) 100vw, 1024px\" \/><\/figure>\n\n\n\n<p>Un espacio perfecto para que toda la familia disfrute de una estad\u00eda c\u00f3moda y segura en Huaraz. ideal para pareja con ni\u00f1os, cuenta con cama matrimonial king size de 3 plazas, m\u00e1s&nbsp;2 camas individuales de&nbsp;1 plaza<\/p>\n<\/div>\n\n\n\n<div class=\"wp-block-group is-layout-constrained wp-block-group-is-layout-constrained\" style=\"padding-top:20px;padding-bottom:20px\">\n<div class=\"wp-block-columns is-layout-flex wp-container-core-columns-is-layout-28f84493 wp-block-columns-is-layout-flex\">\n<div class=\"wp-block-column is-layout-flow wp-block-column-is-layout-flow\">\n<div class=\"wp-block-group has-palette-color-7-background-color has-background is-layout-constrained wp-container-core-group-is-layout-3dcc9c70 wp-block-group-is-layout-constrained\" style=\"border-top-left-radius:12px;border-top-right-radius:12px;border-bottom-left-radius:12px;border-bottom-right-radius:12px;padding-top:40px;padding-right:40px;padding-bottom:40px;padding-left:40px;font-size:clamp(14px, 0.875rem + ((1vw - 3.2px) * 0.078), 15px);\">\n<div class=\"wp-block-columns is-layout-flex wp-container-core-columns-is-layout-28f84493 wp-block-columns-is-layout-flex\">\n<div class=\"wp-block-column is-layout-flow wp-block-column-is-layout-flow\">\n<p class=\"has-palette-color-5-color has-text-color has-link-color wp-elements-fa50fa2b6d1d27f6d7894c865ba14fb9\">\ud83d\udcf6 Free Wi-Fi<br>\ud83d\udcfa 50\u2033 Smart TV with cable<\/p>\n<\/div>\n\n\n\n<div class=\"wp-block-column is-layout-flow wp-block-column-is-layout-flow\">\n<p class=\"has-palette-color-5-color has-text-color has-link-color wp-elements-574a859eb6ef725b05617d8a177b5689\">\ud83d\udebf 24-hour hot water<br>\ud83e\uddfc Private bathroom \/ hair dryer<\/p>\n<\/div>\n\n\n\n<div class=\"wp-block-column is-layout-flow wp-block-column-is-layout-flow\">\n<p class=\"has-palette-color-5-color has-text-color has-link-color wp-elements-000e03b898d28cc6a7001a92c662022e\">\ud83d\udecf\ufe0f Comfortable bed \/ Norwegian down duvets<br>\ud83c\udfd4\ufe0f Mountain view<\/p>\n<\/div>\n<\/div>\n<\/div>\n\n\n\n<div class=\"wp-block-group has-background is-layout-constrained wp-container-core-group-is-layout-6b05b1cd wp-block-group-is-layout-constrained\" style=\"border-top-left-radius:12px;border-top-right-radius:12px;border-bottom-left-radius:12px;border-bottom-right-radius:12px;background-color:#5f697d1c;padding-top:24px;padding-right:16px;padding-bottom:24px;padding-left:16px\">\n<div class=\"wp-block-columns is-layout-flex wp-container-core-columns-is-layout-28f84493 wp-block-columns-is-layout-flex\">\n<div class=\"wp-block-column is-layout-flow wp-block-column-is-layout-flow\">\n<p class=\"has-text-align-center has-small-font-size\">\ud83d\udcd0 <strong>22 m\u00b2<\/strong><\/p>\n<\/div>\n\n\n\n<div class=\"wp-block-column is-layout-flow wp-block-column-is-layout-flow\">\n<p class=\"has-text-align-center has-small-font-size\">\ud83d\udc64 <strong>4 guests<\/strong><\/p>\n<\/div>\n\n\n\n<div class=\"wp-block-column is-layout-flow wp-block-column-is-layout-flow\">\n<p class=\"has-text-align-center has-small-font-size\">\ud83d\udecf\ufe0f <strong>3 beds <\/strong><\/p>\n<\/div>\n\n\n\n<div class=\"wp-block-column is-layout-flow wp-block-column-is-layout-flow\">\n<p class=\"has-text-align-center has-small-font-size\">\ud83c\udf04 <strong>Natural view<\/strong><\/p>\n<\/div>\n<\/div>\n<\/div>\n<\/div>\n<\/div>\n<\/div>\n\n\n\n<div class=\"wp-block-buttons is-content-justification-center is-layout-flex wp-container-core-buttons-is-layout-a89b3969 wp-block-buttons-is-layout-flex\">\n<div class=\"wp-block-button\"><a class=\"wp-block-button__link wp-element-button\" href=\"https:\/\/direct-book.com\/properties\/hotelsantacruzhuaraz\">Book this room<\/a><\/div>\n<\/div>\n\n\n\n<p><\/p>","protected":false},"excerpt":{"rendered":"<p>Habitaci\u00f3n Familiar Un espacio perfecto para que toda la familia disfrute de una estad\u00eda c\u00f3moda y segura en Huaraz. ideal para pareja con ni\u00f1os, cuenta con cama matrimonial king size de 3 plazas, m\u00e1s&nbsp;2 camas individuales de&nbsp;1 plaza \ud83d\udcf6 Wi-Fi gratuito\ud83d\udcfa TV Smart 50&#8243; con cable \ud83d\udebf Agua caliente 24 horas\ud83e\uddfc Ba\u00f1o privado \/ secador [&hellip;]<\/p>\n","protected":false},"author":1,"featured_media":0,"parent":779,"menu_order":0,"comment_status":"closed","ping_status":"closed","template":"","meta":{"_joinchat":[],"footnotes":""},"class_list":["post-873","page","type-page","status-publish","hentry"],"blocksy_meta":{"has_hero_section":"disabled","styles_descriptor":{"styles":{"desktop":"","tablet":"","mobile":""},"google_fonts":[],"version":6}},"_hostinger_reach_plugin_has_subscription_block":false,"_hostinger_reach_plugin_is_elementor":false,"_links":{"self":[{"href":"https:\/\/santacruzperu.com\/en\/wp-json\/wp\/v2\/pages\/873","targetHints":{"allow":["GET"]}}],"collection":[{"href":"https:\/\/santacruzperu.com\/en\/wp-json\/wp\/v2\/pages"}],"about":[{"href":"https:\/\/santacruzperu.com\/en\/wp-json\/wp\/v2\/types\/page"}],"author":[{"embeddable":true,"href":"https:\/\/santacruzperu.com\/en\/wp-json\/wp\/v2\/users\/1"}],"replies":[{"embeddable":true,"href":"https:\/\/santacruzperu.com\/en\/wp-json\/wp\/v2\/comments?post=873"}],"version-history":[{"count":5,"href":"https:\/\/santacruzperu.com\/en\/wp-json\/wp\/v2\/pages\/873\/revisions"}],"predecessor-version":[{"id":1144,"href":"https:\/\/santacruzperu.com\/en\/wp-json\/wp\/v2\/pages\/873\/revisions\/1144"}],"up":[{"embeddable":true,"href":"https:\/\/santacruzperu.com\/en\/wp-json\/wp\/v2\/pages\/779"}],"wp:attachment":[{"href":"https:\/\/santacruzperu.com\/en\/wp-json\/wp\/v2\/media?parent=873"}],"curies":[{"name":"wp","href":"https:\/\/api.w.org\/{rel}","templated":true}]}}