{"id":779,"date":"2025-12-28T21:11:00","date_gmt":"2025-12-28T21:11:00","guid":{"rendered":"https:\/\/santacruzperu.com\/?page_id=779"},"modified":"2026-02-08T20:05:14","modified_gmt":"2026-02-08T20:05:14","slug":"habitaciones1","status":"publish","type":"page","link":"https:\/\/santacruzperu.com\/en\/habitaciones1\/","title":{"rendered":"Rooms"},"content":{"rendered":"<div class=\"wp-block-group alignfull is-layout-constrained wp-block-group-is-layout-constrained has-background\" style=\"min-height:160px;background-image:url(&apos;https:\/\/santacruzperu.com\/wp-content\/uploads\/2025\/12\/Hotel_SantaCruz.png&apos;);background-size:cover;\">\n<div class=\"wp-block-columns is-layout-flex wp-container-core-columns-is-layout-28f84493 wp-block-columns-is-layout-flex\">\n<div class=\"wp-block-column is-layout-flow wp-block-column-is-layout-flow\" style=\"flex-basis:80px\"><div class=\"wp-block-site-logo\"><a href=\"https:\/\/santacruzperu.com\/en\/\" class=\"custom-logo-link\" rel=\"home\"><img loading=\"lazy\" decoding=\"async\" width=\"67\" height=\"17\" src=\"https:\/\/santacruzperu.com\/wp-content\/uploads\/2026\/02\/logo_blanco.png\" class=\"custom-logo\" alt=\"Hotel Santa Cruz\" srcset=\"https:\/\/santacruzperu.com\/wp-content\/uploads\/2026\/02\/logo_blanco.png 982w, https:\/\/santacruzperu.com\/wp-content\/uploads\/2026\/02\/logo_blanco-300x78.png 300w, https:\/\/santacruzperu.com\/wp-content\/uploads\/2026\/02\/logo_blanco-768x199.png 768w, https:\/\/santacruzperu.com\/wp-content\/uploads\/2026\/02\/logo_blanco-18x5.png 18w\" sizes=\"auto, (max-width: 67px) 100vw, 67px\" \/><\/a><\/div><\/div>\n\n\n\n<div class=\"wp-block-column is-layout-flow wp-block-column-is-layout-flow\" style=\"flex-basis:450px\">\n<h2 class=\"wp-block-heading has-palette-color-2-color has-text-color has-link-color wp-elements-464c4f2bedf92230967c1f2452ca7443\">Rooms at the <br>Hotel Santa Cruz<\/h2>\n\n\n\n<p class=\"has-palette-color-2-color has-text-color has-link-color has-medium-font-size wp-elements-9634a095da42ebca603e85aaa31fc3eb\">Relax in a peaceful setting \u00b7 Ideal for travel and adventure in Huaraz<\/p>\n\n\n\n<div class=\"wp-block-buttons has-custom-font-size has-small-font-size is-content-justification-left is-layout-flex wp-container-core-buttons-is-layout-23eeeea0 wp-block-buttons-is-layout-flex\" style=\"padding-left:0px\">\n<div class=\"wp-block-button\"><a class=\"wp-block-button__link has-background wp-element-button\" style=\"background-color:#07734b\">Book via WhatsApp<\/a><\/div>\n<\/div>\n\n\n\n<div style=\"height:150px\" aria-hidden=\"true\" class=\"wp-block-spacer\"><\/div>\n\n\n\n<p class=\"has-background\" style=\"border-top-left-radius:14px;border-top-right-radius:14px;border-bottom-left-radius:14px;border-bottom-right-radius:14px;background-color:#ffffff61\"><strong>Rest at <strong>Hotel Santa Cruz<\/strong> and enjoy a comfortable stay in Huaraz, with a peaceful atmosphere and warm service. We offer <strong>cozy rooms<\/strong> for travelers, couples, and families, ideal for recharging after a day of adventure in the Cordillera Blanca. Choose the perfect option for you and enjoy a relaxing and comfortable stay.<\/strong><\/p>\n\n\n\n<p class=\"has-background\" style=\"border-top-left-radius:14px;border-top-right-radius:14px;border-bottom-left-radius:14px;border-bottom-right-radius:14px;background-color:#ffffff61\"><strong>In addition, to make your stay even more comfortable, we offer <strong>rooms with private bathroom<\/strong>, <strong>hot water<\/strong>, <strong>WiFi<\/strong>, and a clean, cozy environment for complete rest. Every morning you can enjoy a <strong>breakfast<\/strong> ideal for starting the day with energy, and you will receive friendly service to assist you with recommendations, transfers, or tours in the area. Everything is designed to make you feel at home while enjoying Huaraz.<\/strong><\/p>\n\n\n\n<div style=\"height:150px\" aria-hidden=\"true\" class=\"wp-block-spacer\"><\/div>\n<\/div>\n<\/div>\n<\/div>\n\n\n\n<h2 class=\"wp-block-heading\">Our Rooms<\/h2>\n\n\n\n<div class=\"wp-block-columns has-palette-color-7-background-color has-background is-layout-flex wp-container-core-columns-is-layout-28f84493 wp-block-columns-is-layout-flex\" style=\"border-top-left-radius:14px;border-top-right-radius:14px;border-bottom-left-radius:14px;border-bottom-right-radius:14px;box-shadow:var(--wp--preset--shadow--natural)\">\n<div class=\"wp-block-column is-layout-flow wp-block-column-is-layout-flow\" style=\"flex-basis:33.33%\">\n<figure class=\"wp-block-image size-large\"><img loading=\"lazy\" decoding=\"async\" width=\"1024\" height=\"683\" src=\"https:\/\/santacruzperu.com\/wp-content\/uploads\/2025\/12\/HabiMatrimonial001-1024x683.png\" alt=\"\" class=\"wp-image-793\" srcset=\"https:\/\/santacruzperu.com\/wp-content\/uploads\/2025\/12\/HabiMatrimonial001-1024x683.png 1024w, https:\/\/santacruzperu.com\/wp-content\/uploads\/2025\/12\/HabiMatrimonial001-300x200.png 300w, https:\/\/santacruzperu.com\/wp-content\/uploads\/2025\/12\/HabiMatrimonial001-768x512.png 768w, https:\/\/santacruzperu.com\/wp-content\/uploads\/2025\/12\/HabiMatrimonial001.png 1536w\" sizes=\"auto, (max-width: 1024px) 100vw, 1024px\" \/><\/figure>\n<\/div>\n\n\n\n<div class=\"wp-block-column is-layout-flow wp-block-column-is-layout-flow\" style=\"flex-basis:66.66%\">\n<h3 class=\"wp-block-heading\">Double Room<\/h3>\n\n\n\n<p><strong>Ideal for couples \u00b7 Double bed \u00b7 Private bathroom \u00b7 Hot water \u00b7 Wi-Fi<\/strong><\/p>\n\n\n\n<p>Our <strong>Double Room<\/strong> is perfect for couples seeking comfort, privacy, and a peaceful atmosphere during their stay in Huaraz. It features a <strong>comfortable double bed<\/strong>, <strong>private bathroom<\/strong>, <strong>hot water<\/strong> and <strong>WiFi<\/strong>, ideal for resting and recharging after a day of sightseeing or adventure in the Cordillera Blanca. A cozy and warm option to enjoy a special stay.<\/p>\n\n\n\n<div class=\"wp-block-group is-nowrap is-layout-flex wp-container-core-group-is-layout-6c531013 wp-block-group-is-layout-flex\">\n<div class=\"wp-block-stackable-icon stk-block-icon stk-block stk-f7ee403\" data-block-id=\"f7ee403\"><style>.stk-f7ee403 .stk--svg-wrapper .stk--inner-svg svg:last-child, .stk-f7ee403 .stk--svg-wrapper .stk--inner-svg svg:last-child :is(g, path, rect, polygon, ellipse){fill:var(--theme-palette-color-2, #1C2E66) !important;}<\/style><span class=\"stk--svg-wrapper\"><div class=\"stk--inner-svg\"><svg style=\"height:0;width:0\"><defs><lineargradient id=\"linear-gradient-f7ee403\" x1=\"0\" x2=\"100%\" y1=\"0\" y2=\"0\"><stop offset=\"0%\" style=\"stop-opacity:1;stop-color:var(--linear-gradient-f-7-ee-403-color-1)\"><\/stop><stop offset=\"100%\" style=\"stop-opacity:1;stop-color:var(--linear-gradient-f-7-ee-403-color-2)\"><\/stop><\/lineargradient><\/defs><\/svg><svg xmlns=\"http:\/\/www.w3.org\/2000\/svg\" viewbox=\"0 0 640 512\" aria-hidden=\"true\" width=\"32\" height=\"32\"><path d=\"M96 128a128 128 0 1 1 256 0A128 128 0 1 1 96 128zM0 482.3C0 383.8 79.8 304 178.3 304h91.4C368.2 304 448 383.8 448 482.3c0 16.4-13.3 29.7-29.7 29.7H29.7C13.3 512 0 498.7 0 482.3zM609.3 512H471.4c5.4-9.4 8.6-20.3 8.6-32v-8c0-60.7-27.1-115.2-69.8-151.8c2.4-.1 4.7-.2 7.1-.2h61.4C567.8 320 640 392.2 640 481.3c0 17-13.8 30.7-30.7 30.7zM432 256c-31 0-59-12.6-79.3-32.9C372.4 196.5 384 163.6 384 128c0-26.8-6.6-52.1-18.3-74.3C384.3 40.1 407.2 32 432 32c61.9 0 112 50.1 112 112s-50.1 112-112 112z\"\/><\/svg><\/div><\/span><\/div>\n\n\n\n<p class=\"has-palette-color-2-color has-text-color has-link-color wp-elements-2b118769d705f1f875d277012cb2f16c\">Includes: comfortable double bed, private bathroom, hot water, Wi-Fi, and personalized service.<\/p>\n<\/div>\n\n\n\n<div class=\"wp-block-buttons is-layout-flex wp-block-buttons-is-layout-flex\">\n<div class=\"wp-block-button\"><a class=\"wp-block-button__link wp-element-button\" href=\"https:\/\/santacruzperu.com\/en\/habitaciones1\/habitacion-matrimonial\/\">View Room<\/a><\/div>\n<\/div>\n<\/div>\n<\/div>\n\n\n\n<div class=\"wp-block-columns has-palette-color-7-background-color has-background is-layout-flex wp-container-core-columns-is-layout-28f84493 wp-block-columns-is-layout-flex\" style=\"border-top-left-radius:14px;border-top-right-radius:14px;border-bottom-left-radius:14px;border-bottom-right-radius:14px;box-shadow:var(--wp--preset--shadow--natural)\">\n<div class=\"wp-block-column is-layout-flow wp-block-column-is-layout-flow\" style=\"flex-basis:33.33%\">\n<figure class=\"wp-block-image size-large\"><img loading=\"lazy\" decoding=\"async\" width=\"1024\" height=\"683\" src=\"https:\/\/santacruzperu.com\/wp-content\/uploads\/2025\/12\/ChatGPT-Image-17-dic-2025-12_18_26-p.m-1024x683.png\" alt=\"\" class=\"wp-image-360\" srcset=\"https:\/\/santacruzperu.com\/wp-content\/uploads\/2025\/12\/ChatGPT-Image-17-dic-2025-12_18_26-p.m-1024x683.png 1024w, https:\/\/santacruzperu.com\/wp-content\/uploads\/2025\/12\/ChatGPT-Image-17-dic-2025-12_18_26-p.m-300x200.png 300w, https:\/\/santacruzperu.com\/wp-content\/uploads\/2025\/12\/ChatGPT-Image-17-dic-2025-12_18_26-p.m-768x512.png 768w, https:\/\/santacruzperu.com\/wp-content\/uploads\/2025\/12\/ChatGPT-Image-17-dic-2025-12_18_26-p.m.png 1536w\" sizes=\"auto, (max-width: 1024px) 100vw, 1024px\" \/><\/figure>\n<\/div>\n\n\n\n<div class=\"wp-block-column is-layout-flow wp-block-column-is-layout-flow\" style=\"flex-basis:66.66%\">\n<h3 class=\"wp-block-heading\">Family Room<\/h3>\n\n\n\n<p><strong>Ideal for families \u00b7 More space \u00b7 Private bathroom \u00b7 Hot water \u00b7 Wi-Fi<\/strong><\/p>\n\n\n\n<p>Our <strong>Family Room<\/strong> is perfect for families or groups seeking comfort and spaciousness during their stay in Huaraz. It offers a warm and welcoming atmosphere, with <strong>comfortable beds<\/strong>, <strong>private bathroom<\/strong>, <strong>hot water<\/strong> and <strong>WiFi<\/strong>, ideal for relaxing in peace after a day of sightseeing or adventure in the Cordillera Blanca. An excellent option to share and feel right at home.<\/p>\n\n\n\n<div class=\"wp-block-group is-nowrap is-layout-flex wp-container-core-group-is-layout-6c531013 wp-block-group-is-layout-flex\">\n<div class=\"wp-block-stackable-icon stk-block-icon stk-block stk-1e79809\" data-block-id=\"1e79809\"><style>.stk-1e79809 .stk--svg-wrapper .stk--inner-svg svg:last-child, .stk-1e79809 .stk--svg-wrapper .stk--inner-svg svg:last-child :is(g, path, rect, polygon, ellipse){fill:var(--theme-palette-color-2, #1C2E66) !important;}<\/style><span class=\"stk--svg-wrapper\"><div class=\"stk--inner-svg\"><svg style=\"height:0;width:0\"><defs><lineargradient id=\"linear-gradient-1e79809\" x1=\"0\" x2=\"100%\" y1=\"0\" y2=\"0\"><stop offset=\"0%\" style=\"stop-opacity:1;stop-color:var(--linear-gradient-1-e-79809-color-1)\"><\/stop><stop offset=\"100%\" style=\"stop-opacity:1;stop-color:var(--linear-gradient-1-e-79809-color-2)\"><\/stop><\/lineargradient><\/defs><\/svg><svg xmlns=\"http:\/\/www.w3.org\/2000\/svg\" viewbox=\"0 0 640 512\" aria-hidden=\"true\" width=\"32\" height=\"32\"><path d=\"M72 88a56 56 0 1 1 112 0A56 56 0 1 1 72 88zM64 245.7C54 256.9 48 271.8 48 288s6 31.1 16 42.3V245.7zm144.4-49.3C178.7 222.7 160 261.2 160 304c0 34.3 12 65.8 32 90.5V416c0 17.7-14.3 32-32 32H96c-17.7 0-32-14.3-32-32V389.2C26.2 371.2 0 332.7 0 288c0-61.9 50.1-112 112-112h32c24 0 46.2 7.5 64.4 20.3zM448 416V394.5c20-24.7 32-56.2 32-90.5c0-42.8-18.7-81.3-48.4-107.7C449.8 183.5 472 176 496 176h32c61.9 0 112 50.1 112 112c0 44.7-26.2 83.2-64 101.2V416c0 17.7-14.3 32-32 32H480c-17.7 0-32-14.3-32-32zm8-328a56 56 0 1 1 112 0A56 56 0 1 1 456 88zM576 245.7v84.7c10-11.3 16-26.1 16-42.3s-6-31.1-16-42.3zM320 32a64 64 0 1 1 0 128 64 64 0 1 1 0-128zM240 304c0 16.2 6 31 16 42.3V261.7c-10 11.3-16 26.1-16 42.3zm144-42.3v84.7c10-11.3 16-26.1 16-42.3s-6-31.1-16-42.3zM448 304c0 44.7-26.2 83.2-64 101.2V448c0 17.7-14.3 32-32 32H288c-17.7 0-32-14.3-32-32V405.2c-37.8-18-64-56.5-64-101.2c0-61.9 50.1-112 112-112h32c61.9 0 112 50.1 112 112z\"\/><\/svg><\/div><\/span><\/div>\n\n\n\n<p class=\"has-palette-color-2-color has-text-color has-link-color wp-elements-3468a0586da0c75fe1f45a9a04831526\">Includes: comfortable beds, private bathroom, hot water, Wi-Fi, and personalized service.<\/p>\n<\/div>\n\n\n\n<div class=\"wp-block-buttons is-layout-flex wp-block-buttons-is-layout-flex\">\n<div class=\"wp-block-button\"><a class=\"wp-block-button__link wp-element-button\" href=\"https:\/\/santacruzperu.com\/en\/habitaciones1\/habitacion-familiar\/\">View Room<\/a><\/div>\n<\/div>\n<\/div>\n<\/div>\n\n\n\n<div class=\"wp-block-columns has-palette-color-7-background-color has-background is-layout-flex wp-container-core-columns-is-layout-28f84493 wp-block-columns-is-layout-flex\" style=\"border-top-left-radius:14px;border-top-right-radius:14px;border-bottom-left-radius:14px;border-bottom-right-radius:14px;box-shadow:var(--wp--preset--shadow--natural)\">\n<div class=\"wp-block-column is-layout-flow wp-block-column-is-layout-flow\" style=\"flex-basis:33.33%\">\n<figure class=\"wp-block-image size-large\"><img loading=\"lazy\" decoding=\"async\" width=\"1024\" height=\"683\" src=\"https:\/\/santacruzperu.com\/wp-content\/uploads\/2026\/01\/Habitaciontriple-1024x683.png\" alt=\"\" class=\"wp-image-949\" srcset=\"https:\/\/santacruzperu.com\/wp-content\/uploads\/2026\/01\/Habitaciontriple-1024x683.png 1024w, https:\/\/santacruzperu.com\/wp-content\/uploads\/2026\/01\/Habitaciontriple-300x200.png 300w, https:\/\/santacruzperu.com\/wp-content\/uploads\/2026\/01\/Habitaciontriple-768x512.png 768w, https:\/\/santacruzperu.com\/wp-content\/uploads\/2026\/01\/Habitaciontriple-18x12.png 18w, https:\/\/santacruzperu.com\/wp-content\/uploads\/2026\/01\/Habitaciontriple.png 1536w\" sizes=\"auto, (max-width: 1024px) 100vw, 1024px\" \/><\/figure>\n<\/div>\n\n\n\n<div class=\"wp-block-column is-layout-flow wp-block-column-is-layout-flow\" style=\"flex-basis:66.66%\">\n<h3 class=\"wp-block-heading\">Triple Room<\/h3>\n\n\n\n<p><strong>Ideal for families or groups \u00b7 Three beds \u00b7 Private bathroom \u00b7 Hot water \u00b7 Wi-Fi<\/strong><\/p>\n\n\n\n<p>Our <strong>Triple Room<\/strong> is ideal for families or groups of friends looking for comfort, space, and a peaceful atmosphere during their stay in Huaraz. It features <strong>three comfortable beds<\/strong>, private bathroom, hot water, and Wi-Fi, perfect for relaxing after a day of sightseeing or adventure in the Cordillera Blanca. A practical and cozy option to share a pleasant experience.<\/p>\n\n\n\n<div class=\"wp-block-group is-nowrap is-layout-flex wp-container-core-group-is-layout-6c531013 wp-block-group-is-layout-flex\">\n<div class=\"wp-block-stackable-icon stk-block-icon stk-block stk-a7eaf99\" data-block-id=\"a7eaf99\"><style>.stk-a7eaf99 .stk--svg-wrapper .stk--inner-svg svg:last-child, .stk-a7eaf99 .stk--svg-wrapper .stk--inner-svg svg:last-child :is(g, path, rect, polygon, ellipse){fill:var(--theme-palette-color-2, #1C2E66) !important;}<\/style><span class=\"stk--svg-wrapper\"><div class=\"stk--inner-svg\"><svg style=\"height:0;width:0\"><defs><lineargradient id=\"linear-gradient-a7eaf99\" x1=\"0\" x2=\"100%\" y1=\"0\" y2=\"0\"><stop offset=\"0%\" style=\"stop-opacity:1;stop-color:var(--linear-gradient-a-7-eaf-99-color-1)\"><\/stop><stop offset=\"100%\" style=\"stop-opacity:1;stop-color:var(--linear-gradient-a-7-eaf-99-color-2)\"><\/stop><\/lineargradient><\/defs><\/svg><svg xmlns=\"http:\/\/www.w3.org\/2000\/svg\" viewbox=\"0 0 640 512\" aria-hidden=\"true\" width=\"32\" height=\"32\"><path d=\"M72 88a56 56 0 1 1 112 0A56 56 0 1 1 72 88zM64 245.7C54 256.9 48 271.8 48 288s6 31.1 16 42.3V245.7zm144.4-49.3C178.7 222.7 160 261.2 160 304c0 34.3 12 65.8 32 90.5V416c0 17.7-14.3 32-32 32H96c-17.7 0-32-14.3-32-32V389.2C26.2 371.2 0 332.7 0 288c0-61.9 50.1-112 112-112h32c24 0 46.2 7.5 64.4 20.3zM448 416V394.5c20-24.7 32-56.2 32-90.5c0-42.8-18.7-81.3-48.4-107.7C449.8 183.5 472 176 496 176h32c61.9 0 112 50.1 112 112c0 44.7-26.2 83.2-64 101.2V416c0 17.7-14.3 32-32 32H480c-17.7 0-32-14.3-32-32zm8-328a56 56 0 1 1 112 0A56 56 0 1 1 456 88zM576 245.7v84.7c10-11.3 16-26.1 16-42.3s-6-31.1-16-42.3zM320 32a64 64 0 1 1 0 128 64 64 0 1 1 0-128zM240 304c0 16.2 6 31 16 42.3V261.7c-10 11.3-16 26.1-16 42.3zm144-42.3v84.7c10-11.3 16-26.1 16-42.3s-6-31.1-16-42.3zM448 304c0 44.7-26.2 83.2-64 101.2V448c0 17.7-14.3 32-32 32H288c-17.7 0-32-14.3-32-32V405.2c-37.8-18-64-56.5-64-101.2c0-61.9 50.1-112 112-112h32c61.9 0 112 50.1 112 112z\"\/><\/svg><\/div><\/span><\/div>\n\n\n\n<p class=\"has-palette-color-2-color has-text-color has-link-color wp-elements-3468a0586da0c75fe1f45a9a04831526\">Includes: comfortable beds, private bathroom, hot water, Wi-Fi, and personalized service.<\/p>\n<\/div>\n\n\n\n<div class=\"wp-block-buttons is-layout-flex wp-block-buttons-is-layout-flex\">\n<div class=\"wp-block-button\"><a class=\"wp-block-button__link wp-element-button\" href=\"https:\/\/santacruzperu.com\/en\/habitaciones1\/habitacion-triple\/\">View Room<\/a><\/div>\n<\/div>\n<\/div>\n<\/div>\n\n\n\n<div class=\"wp-block-columns has-palette-color-7-background-color has-background is-layout-flex wp-container-core-columns-is-layout-28f84493 wp-block-columns-is-layout-flex\" style=\"border-top-left-radius:14px;border-top-right-radius:14px;border-bottom-left-radius:14px;border-bottom-right-radius:14px;box-shadow:var(--wp--preset--shadow--natural)\">\n<div class=\"wp-block-column is-layout-flow wp-block-column-is-layout-flow\" style=\"flex-basis:33.33%\">\n<figure class=\"wp-block-image size-large\"><img loading=\"lazy\" decoding=\"async\" width=\"1024\" height=\"683\" src=\"https:\/\/santacruzperu.com\/wp-content\/uploads\/2025\/12\/ChatGPT-Image-17-dic-2025-11_53_39-a.m-1024x683.png\" alt=\"\" class=\"wp-image-351\" srcset=\"https:\/\/santacruzperu.com\/wp-content\/uploads\/2025\/12\/ChatGPT-Image-17-dic-2025-11_53_39-a.m-1024x683.png 1024w, https:\/\/santacruzperu.com\/wp-content\/uploads\/2025\/12\/ChatGPT-Image-17-dic-2025-11_53_39-a.m-300x200.png 300w, https:\/\/santacruzperu.com\/wp-content\/uploads\/2025\/12\/ChatGPT-Image-17-dic-2025-11_53_39-a.m-768x512.png 768w, https:\/\/santacruzperu.com\/wp-content\/uploads\/2025\/12\/ChatGPT-Image-17-dic-2025-11_53_39-a.m.png 1536w\" sizes=\"auto, (max-width: 1024px) 100vw, 1024px\" \/><\/figure>\n<\/div>\n\n\n\n<div class=\"wp-block-column is-layout-flow wp-block-column-is-layout-flow\" style=\"flex-basis:66.66%\">\n<h3 class=\"wp-block-heading\">Twin Room<\/h3>\n\n\n\n<p><strong>Ideal for 2 guests \u00b7 Private bathroom \u00b7 Hot water \u00b7 Wi-Fi<\/strong><\/p>\n\n\n\n<p>Our <strong>Twin Room<\/strong> is ideal for couples or friends seeking comfort and rest in a peaceful setting. It features <strong>two comfortable beds<\/strong>, <strong>private bathroom<\/strong>, <strong>hot water<\/strong> and <strong>WiFi<\/strong>, perfect for relaxing after a day exploring Huaraz or the Cordillera Blanca. A practical and cozy option for a pleasant stay.<\/p>\n\n\n\n<div class=\"wp-block-group is-nowrap is-layout-flex wp-container-core-group-is-layout-6c531013 wp-block-group-is-layout-flex\">\n<div class=\"wp-block-stackable-icon stk-block-icon stk-block stk-03712f9\" data-block-id=\"03712f9\"><style>.stk-03712f9 .stk--svg-wrapper .stk--inner-svg svg:last-child, .stk-03712f9 .stk--svg-wrapper .stk--inner-svg svg:last-child :is(g, path, rect, polygon, ellipse){fill:var(--theme-palette-color-2, #1C2E66) !important;}<\/style><span class=\"stk--svg-wrapper\"><div class=\"stk--inner-svg\"><svg style=\"height:0;width:0\"><defs><lineargradient id=\"linear-gradient-03712f9\" x1=\"0\" x2=\"100%\" y1=\"0\" y2=\"0\"><stop offset=\"0%\" style=\"stop-opacity:1;stop-color:var(--linear-gradient-03712-f-9-color-1)\"><\/stop><stop offset=\"100%\" style=\"stop-opacity:1;stop-color:var(--linear-gradient-03712-f-9-color-2)\"><\/stop><\/lineargradient><\/defs><\/svg><svg xmlns=\"http:\/\/www.w3.org\/2000\/svg\" viewbox=\"0 0 640 512\" aria-hidden=\"true\" width=\"32\" height=\"32\"><path d=\"M80 48a48 48 0 1 1 96 0A48 48 0 1 1 80 48zm40 304V480c0 17.7-14.3 32-32 32s-32-14.3-32-32V325.2c-8.1 9.2-21.1 13.2-33.5 9.4c-16.9-5.3-26.3-23.2-21-40.1l30.9-99.1C44.9 155.3 82 128 124 128h8c42 0 79.1 27.3 91.6 67.4l30.9 99.1c5.3 16.9-4.1 34.8-21 40.1c-12.4 3.9-25.4-.2-33.5-9.4V480c0 17.7-14.3 32-32 32s-32-14.3-32-32V352H120zM320 0c13.3 0 24 10.7 24 24V488c0 13.3-10.7 24-24 24s-24-10.7-24-24V24c0-13.3 10.7-24 24-24zM464 48a48 48 0 1 1 96 0 48 48 0 1 1 -96 0zM440 480V384H422.2c-10.9 0-18.6-10.7-15.2-21.1l9-26.9c-3.2 0-6.4-.5-9.5-1.5c-16.9-5.3-26.3-23.2-21-40.1l29.7-95.2C428.4 156.9 467.6 128 512 128s83.6 28.9 96.8 71.2l29.7 95.2c5.3 16.9-4.1 34.8-21 40.1c-3.2 1-6.4 1.5-9.5 1.5l9 26.9c3.5 10.4-4.3 21.1-15.2 21.1H584v96c0 17.7-14.3 32-32 32s-32-14.3-32-32V384H504v96c0 17.7-14.3 32-32 32s-32-14.3-32-32z\"\/><\/svg><\/div><\/span><\/div>\n\n\n\n<p class=\"has-palette-color-2-color has-text-color has-link-color wp-elements-beca13f8d7ab2ade85fe8b8d915a652b\">Includes: two comfortable beds, private bathroom, hot water, Wi-Fi, and personalized service.<\/p>\n<\/div>\n\n\n\n<div class=\"wp-block-buttons is-layout-flex wp-block-buttons-is-layout-flex\">\n<div class=\"wp-block-button\"><a class=\"wp-block-button__link wp-element-button\" href=\"https:\/\/santacruzperu.com\/en\/habitaciones1\/habitacion-doble\/\">View Room<\/a><\/div>\n<\/div>\n<\/div>\n<\/div>\n\n\n\n<div class=\"wp-block-columns has-palette-color-7-background-color has-background is-layout-flex wp-container-core-columns-is-layout-28f84493 wp-block-columns-is-layout-flex\" style=\"border-top-left-radius:14px;border-top-right-radius:14px;border-bottom-left-radius:14px;border-bottom-right-radius:14px;box-shadow:var(--wp--preset--shadow--natural)\">\n<div class=\"wp-block-column is-layout-flow wp-block-column-is-layout-flow\" style=\"flex-basis:33.33%\">\n<figure class=\"wp-block-image size-large\"><img loading=\"lazy\" decoding=\"async\" width=\"1024\" height=\"683\" src=\"https:\/\/santacruzperu.com\/wp-content\/uploads\/2025\/12\/ChatGPT-Image-17-dic-2025-10_12_05-a.m-1024x683.png\" alt=\"\" class=\"wp-image-296\" srcset=\"https:\/\/santacruzperu.com\/wp-content\/uploads\/2025\/12\/ChatGPT-Image-17-dic-2025-10_12_05-a.m-1024x683.png 1024w, https:\/\/santacruzperu.com\/wp-content\/uploads\/2025\/12\/ChatGPT-Image-17-dic-2025-10_12_05-a.m-300x200.png 300w, https:\/\/santacruzperu.com\/wp-content\/uploads\/2025\/12\/ChatGPT-Image-17-dic-2025-10_12_05-a.m-768x512.png 768w, https:\/\/santacruzperu.com\/wp-content\/uploads\/2025\/12\/ChatGPT-Image-17-dic-2025-10_12_05-a.m.png 1536w\" sizes=\"auto, (max-width: 1024px) 100vw, 1024px\" \/><\/figure>\n<\/div>\n\n\n\n<div class=\"wp-block-column is-layout-flow wp-block-column-is-layout-flow\" style=\"flex-basis:66.66%\">\n<h3 class=\"wp-block-heading\">Single Room<\/h3>\n\n\n\n<p><strong>Ideal for 1 guest \u00b7 Private bathroom \u00b7 Hot water \u00b7 Wi-Fi all day<br><\/strong><\/p>\n\n\n\n<p>Our <strong>Single Room<\/strong> is perfect for travelers seeking comfort, tranquility, and a cozy atmosphere to relax. It features a comfortable bed, <strong>private bathroom<\/strong>, <strong>hot water<\/strong> and <strong>WiFi<\/strong>, ideal for recharging after a day of sightseeing or adventure in Huaraz. A practical and comfortable option for a pleasant stay.<\/p>\n\n\n\n<div class=\"wp-block-group is-nowrap is-layout-flex wp-container-core-group-is-layout-6c531013 wp-block-group-is-layout-flex\">\n<div class=\"wp-block-stackable-icon stk-block-icon stk-block stk-2b7ab15\" data-block-id=\"2b7ab15\"><style>.stk-2b7ab15 .stk--svg-wrapper .stk--inner-svg svg:last-child, .stk-2b7ab15 .stk--svg-wrapper .stk--inner-svg svg:last-child :is(g, path, rect, polygon, ellipse){fill:var(--theme-palette-color-2, #1C2E66) !important;}<\/style><span class=\"stk--svg-wrapper\"><div class=\"stk--inner-svg\"><svg style=\"height:0;width:0\"><defs><lineargradient id=\"linear-gradient-2b7ab15\" x1=\"0\" x2=\"100%\" y1=\"0\" y2=\"0\"><stop offset=\"0%\" style=\"stop-opacity:1;stop-color:var(--linear-gradient-2-b-7-ab-15-color-1)\"><\/stop><stop offset=\"100%\" style=\"stop-opacity:1;stop-color:var(--linear-gradient-2-b-7-ab-15-color-2)\"><\/stop><\/lineargradient><\/defs><\/svg><svg xmlns=\"http:\/\/www.w3.org\/2000\/svg\" viewbox=\"0 0 512 512\" aria-hidden=\"true\" width=\"32\" height=\"32\"><path d=\"M271.9 4.2c-9.8-5.6-21.9-5.6-31.8 0l-224 128C6.2 137.9 0 148.5 0 160V480c0 17.7 14.3 32 32 32s32-14.3 32-32V178.6L256 68.9 448 178.6V480c0 17.7 14.3 32 32 32s32-14.3 32-32V160c0-11.5-6.2-22.1-16.1-27.8l-224-128zM256 208a40 40 0 1 0 0-80 40 40 0 1 0 0 80zm-8 280V400h16v88c0 13.3 10.7 24 24 24s24-10.7 24-24V313.5l26.9 49.9c6.3 11.7 20.8 16 32.5 9.8s16-20.8 9.8-32.5l-37.9-70.3c-15.3-28.5-45.1-46.3-77.5-46.3H246.2c-32.4 0-62.1 17.8-77.5 46.3l-37.9 70.3c-6.3 11.7-1.9 26.2 9.8 32.5s26.2 1.9 32.5-9.8L200 313.5V488c0 13.3 10.7 24 24 24s24-10.7 24-24z\"\/><\/svg><\/div><\/span><\/div>\n\n\n\n<p class=\"has-palette-color-2-color has-text-color has-link-color wp-elements-3a847ac4151c6f2e121b68db1467ec7a\">Includes: comfortable bed, private bathroom, hot water, Wi-Fi, and personalized service.<\/p>\n<\/div>\n\n\n\n<div class=\"wp-block-buttons is-layout-flex wp-block-buttons-is-layout-flex\">\n<div class=\"wp-block-button\"><a class=\"wp-block-button__link wp-element-button\" href=\"https:\/\/santacruzperu.com\/en\/habitaciones1\/habitacion-simple\/\">View Room<\/a><\/div>\n<\/div>\n<\/div>\n<\/div>\n\n\n\n<p><\/p>","protected":false},"excerpt":{"rendered":"<p>Habitaciones del Hotel Santa Cruz Descansa en un ambiente tranquilo \u00b7 Ideal para viajes y aventura en Huaraz Descansa en el Hotel Santa Cruz y disfruta de una estad\u00eda c\u00f3moda en Huaraz, con un ambiente tranquilo y atenci\u00f3n c\u00e1lida. Contamos con habitaciones acogedoras para viajeros, parejas y familias, ideales para recuperar energ\u00edas despu\u00e9s de un [&hellip;]<\/p>\n","protected":false},"author":1,"featured_media":0,"parent":0,"menu_order":0,"comment_status":"closed","ping_status":"closed","template":"","meta":{"_joinchat":[],"footnotes":""},"class_list":["post-779","page","type-page","status-publish","hentry"],"blocksy_meta":{"has_hero_section":"disabled","styles_descriptor":{"styles":{"desktop":"","tablet":"","mobile":""},"google_fonts":[],"version":6},"page_structure_type":"type-4","content_style_source":"inherit","vertical_spacing_source":"custom","content_area_spacing":"none","disable_featured_image":"no"},"_hostinger_reach_plugin_has_subscription_block":false,"_hostinger_reach_plugin_is_elementor":false,"_links":{"self":[{"href":"https:\/\/santacruzperu.com\/en\/wp-json\/wp\/v2\/pages\/779","targetHints":{"allow":["GET"]}}],"collection":[{"href":"https:\/\/santacruzperu.com\/en\/wp-json\/wp\/v2\/pages"}],"about":[{"href":"https:\/\/santacruzperu.com\/en\/wp-json\/wp\/v2\/types\/page"}],"author":[{"embeddable":true,"href":"https:\/\/santacruzperu.com\/en\/wp-json\/wp\/v2\/users\/1"}],"replies":[{"embeddable":true,"href":"https:\/\/santacruzperu.com\/en\/wp-json\/wp\/v2\/comments?post=779"}],"version-history":[{"count":10,"href":"https:\/\/santacruzperu.com\/en\/wp-json\/wp\/v2\/pages\/779\/revisions"}],"predecessor-version":[{"id":1085,"href":"https:\/\/santacruzperu.com\/en\/wp-json\/wp\/v2\/pages\/779\/revisions\/1085"}],"wp:attachment":[{"href":"https:\/\/santacruzperu.com\/en\/wp-json\/wp\/v2\/media?parent=779"}],"curies":[{"name":"wp","href":"https:\/\/api.w.org\/{rel}","templated":true}]}}