{"id":283,"date":"2025-12-14T22:04:54","date_gmt":"2025-12-14T22:04:54","guid":{"rendered":"https:\/\/santacruzperu.com\/?page_id=283"},"modified":"2026-03-12T15:12:43","modified_gmt":"2026-03-12T15:12:43","slug":"habitacion-simple","status":"publish","type":"page","link":"https:\/\/santacruzperu.com\/en\/habitaciones1\/habitacion-simple\/","title":{"rendered":"Single Room"},"content":{"rendered":"<h2 class=\"wp-block-heading\"><\/h2>\n\n\n\n<div class=\"wp-block-group is-layout-constrained wp-container-core-group-is-layout-d2d0ce25 wp-block-group-is-layout-constrained\" style=\"padding-right:40px;padding-left:40px\">\n<figure class=\"wp-block-image alignfull size-large\"><img loading=\"lazy\" decoding=\"async\" width=\"1024\" height=\"683\" src=\"https:\/\/santacruzperu.com\/wp-content\/uploads\/2025\/12\/ChatGPT-Image-17-dic-2025-10_12_05-a.m-1024x683.png\" alt=\"\" class=\"wp-image-296\" srcset=\"https:\/\/santacruzperu.com\/wp-content\/uploads\/2025\/12\/ChatGPT-Image-17-dic-2025-10_12_05-a.m-1024x683.png 1024w, https:\/\/santacruzperu.com\/wp-content\/uploads\/2025\/12\/ChatGPT-Image-17-dic-2025-10_12_05-a.m-300x200.png 300w, https:\/\/santacruzperu.com\/wp-content\/uploads\/2025\/12\/ChatGPT-Image-17-dic-2025-10_12_05-a.m-768x512.png 768w, https:\/\/santacruzperu.com\/wp-content\/uploads\/2025\/12\/ChatGPT-Image-17-dic-2025-10_12_05-a.m.png 1536w\" sizes=\"auto, (max-width: 1024px) 100vw, 1024px\" \/><\/figure>\n\n\n\n<p>Enjoy a comfortable and cozy stay in our <strong>Single Room<\/strong>, ideal for travelers seeking rest and tranquility. Designed to offer comfort, it includes all the amenities needed for a pleasant stay in the heart of the Cordillera Blanca.<\/p>\n<\/div>\n\n\n\n<div class=\"wp-block-group is-layout-constrained wp-block-group-is-layout-constrained\" style=\"padding-top:20px;padding-bottom:20px\">\n<div class=\"wp-block-columns is-layout-flex wp-container-core-columns-is-layout-28f84493 wp-block-columns-is-layout-flex\">\n<div class=\"wp-block-column is-layout-flow wp-block-column-is-layout-flow\">\n<div class=\"wp-block-group has-palette-color-7-background-color has-background is-layout-constrained wp-container-core-group-is-layout-3dcc9c70 wp-block-group-is-layout-constrained\" style=\"border-top-left-radius:12px;border-top-right-radius:12px;border-bottom-left-radius:12px;border-bottom-right-radius:12px;padding-top:40px;padding-right:40px;padding-bottom:40px;padding-left:40px;font-size:clamp(14px, 0.875rem + ((1vw - 3.2px) * 0.078), 15px);\">\n<div class=\"wp-block-columns is-layout-flex wp-container-core-columns-is-layout-28f84493 wp-block-columns-is-layout-flex\">\n<div class=\"wp-block-column is-layout-flow wp-block-column-is-layout-flow\">\n<p class=\"has-palette-color-5-color has-text-color has-link-color wp-elements-3e775e76d85c1b10f07587c9dcb7a07c\">\ud83d\udcf6 Free Wi-Fi<br>\ud83d\udcfa 27\u2033 cable TV<\/p>\n<\/div>\n\n\n\n<div class=\"wp-block-column is-layout-flow wp-block-column-is-layout-flow\">\n<p class=\"has-palette-color-5-color has-text-color has-link-color wp-elements-ede15d1a329040a446644dd3e230a8a2\">\ud83d\udebf 24-hour hot water<br>\ud83e\uddfc Private bathroom \/ hair dryer<\/p>\n<\/div>\n\n\n\n<div class=\"wp-block-column is-layout-flow wp-block-column-is-layout-flow\">\n<p class=\"has-palette-color-5-color has-text-color has-link-color wp-elements-6b91d30bb8f4c4b37bb654bdd2a44d3e\">\ud83d\udecf\ufe0f Comfortable bed \/ Norwegian down duvet<br>\ud83c\udfd4\ufe0f View of the Cordillera Negra<\/p>\n<\/div>\n<\/div>\n<\/div>\n\n\n\n<div class=\"wp-block-group has-background is-layout-constrained wp-container-core-group-is-layout-6b05b1cd wp-block-group-is-layout-constrained\" style=\"border-top-left-radius:12px;border-top-right-radius:12px;border-bottom-left-radius:12px;border-bottom-right-radius:12px;background-color:#5f697d1c;padding-top:24px;padding-right:16px;padding-bottom:24px;padding-left:16px\">\n<div class=\"wp-block-columns is-layout-flex wp-container-core-columns-is-layout-28f84493 wp-block-columns-is-layout-flex\">\n<div class=\"wp-block-column is-layout-flow wp-block-column-is-layout-flow\">\n<p class=\"has-text-align-center has-small-font-size\">\ud83d\udcd0 <strong>18 m\u00b2<\/strong><\/p>\n<\/div>\n\n\n\n<div class=\"wp-block-column is-layout-flow wp-block-column-is-layout-flow\">\n<p class=\"has-text-align-center has-small-font-size\">\ud83d\udc64 <strong>1 guest<\/strong><\/p>\n<\/div>\n\n\n\n<div class=\"wp-block-column is-layout-flow wp-block-column-is-layout-flow\">\n<p class=\"has-text-align-center has-small-font-size\">\ud83d\udecf\ufe0f <strong>1 single bed<\/strong> \/ 1.5 size bed<\/p>\n<\/div>\n\n\n\n<div class=\"wp-block-column is-layout-flow wp-block-column-is-layout-flow\">\n<p class=\"has-text-align-center has-small-font-size\">\ud83c\udf04 <strong>Natural view<\/strong><\/p>\n<\/div>\n<\/div>\n<\/div>\n<\/div>\n<\/div>\n<\/div>\n\n\n\n<div class=\"wp-block-buttons is-content-justification-center is-layout-flex wp-container-core-buttons-is-layout-a89b3969 wp-block-buttons-is-layout-flex\">\n<div class=\"wp-block-button\"><a class=\"wp-block-button__link wp-element-button\" href=\"https:\/\/direct-book.com\/properties\/hotelsantacruzhuaraz\">Book this room<\/a><\/div>\n<\/div>\n\n\n\n<p><\/p>","protected":false},"excerpt":{"rendered":"<p>Disfruta de una estancia c\u00f3moda y acogedora en nuestra Habitaci\u00f3n Simple, ideal para viajeros que buscan descanso y tranquilidad. Dise\u00f1ada para ofrecer confort, cuenta con todas las comodidades necesarias para una estad\u00eda placentera en el coraz\u00f3n de la Cordillera Blanca. \ud83d\udcf6 Wi-Fi gratuito\ud83d\udcfa TV 27&#8243; con Cable \ud83d\udebf Agua caliente 24 horas\ud83e\uddfc Ba\u00f1o privado \/ [&hellip;]<\/p>\n","protected":false},"author":1,"featured_media":0,"parent":779,"menu_order":0,"comment_status":"closed","ping_status":"closed","template":"","meta":{"_joinchat":[],"footnotes":""},"class_list":["post-283","page","type-page","status-publish","hentry"],"blocksy_meta":[],"_hostinger_reach_plugin_has_subscription_block":false,"_hostinger_reach_plugin_is_elementor":false,"_links":{"self":[{"href":"https:\/\/santacruzperu.com\/en\/wp-json\/wp\/v2\/pages\/283","targetHints":{"allow":["GET"]}}],"collection":[{"href":"https:\/\/santacruzperu.com\/en\/wp-json\/wp\/v2\/pages"}],"about":[{"href":"https:\/\/santacruzperu.com\/en\/wp-json\/wp\/v2\/types\/page"}],"author":[{"embeddable":true,"href":"https:\/\/santacruzperu.com\/en\/wp-json\/wp\/v2\/users\/1"}],"replies":[{"embeddable":true,"href":"https:\/\/santacruzperu.com\/en\/wp-json\/wp\/v2\/comments?post=283"}],"version-history":[{"count":16,"href":"https:\/\/santacruzperu.com\/en\/wp-json\/wp\/v2\/pages\/283\/revisions"}],"predecessor-version":[{"id":1140,"href":"https:\/\/santacruzperu.com\/en\/wp-json\/wp\/v2\/pages\/283\/revisions\/1140"}],"up":[{"embeddable":true,"href":"https:\/\/santacruzperu.com\/en\/wp-json\/wp\/v2\/pages\/779"}],"wp:attachment":[{"href":"https:\/\/santacruzperu.com\/en\/wp-json\/wp\/v2\/media?parent=283"}],"curies":[{"name":"wp","href":"https:\/\/api.w.org\/{rel}","templated":true}]}}